{"id":31329,"date":"2025-10-25T09:22:42","date_gmt":"2025-10-25T09:22:42","guid":{"rendered":"https:\/\/annuaire.city\/register-2\/"},"modified":"2025-10-25T09:22:42","modified_gmt":"2025-10-25T09:22:42","slug":"register-2","status":"publish","type":"page","link":"https:\/\/annuaire.city\/es\/register-2\/","title":{"rendered":"Registro"},"content":{"rendered":"<h3 class=\"rcp_header\">\n\tRegistrar nueva cuenta<\/h3>\n\n\n<form id=\"rcp_registration_form\" class=\"rcp_form\" method=\"POST\" action=\"https:\/\/annuaire.city\/es\/wp-json\/wp\/v2\/pages\/31329\/\" data-trp-original-action=\"https:\/\/annuaire.city\/es\/wp-json\/wp\/v2\/pages\/31329\/\">\n\n\t\n\t\t\t<div class=\"rcp_login_link\">\n\t\t\t<p><a href=\"https:\/\/annuaire.city\/wp-login.php?redirect_to=https%3A%2F%2Fannuaire.city%2Fes%2Fwp-json%2Fwp%2Fv2%2Fpages%2F31329%2F\">Accede<\/a> para renovar o modificar una membres\u00eda existente.<\/p>\n\t\t<\/div>\n\n\t\t\n\t\t<fieldset class=\"rcp_user_fieldset\">\n\t\t\t<p id=\"rcp_user_login_wrap\">\n\t\t\t\t<label for=\"rcp_user_login\">Usuario<\/label>\n\t\t\t\t<input name=\"rcp_user_login\" id=\"rcp_user_login\" class=\"required\" type=\"text\" \/>\n\t\t\t<\/p>\n\t\t\t<p id=\"rcp_user_email_wrap\">\n\t\t\t\t<label for=\"rcp_user_email\">Correo electr\u00f3nico<\/label>\n\t\t\t\t<input name=\"rcp_user_email\" id=\"rcp_user_email\" class=\"required\" type=\"text\" \/>\n\t\t\t<\/p>\n\t\t\t<p id=\"rcp_user_first_wrap\" class=\"inline\">\n\t\t\t\t<label for=\"rcp_user_first\">Nombre<\/label>\n\t\t\t\t<input name=\"rcp_user_first\" id=\"rcp_user_first\" type=\"text\" \/>\n\t\t\t<\/p>\n\t\t\t<p id=\"rcp_user_last_wrap\" class=\"inline-block\">\n\t\t\t\t<label for=\"rcp_user_last\">Apellidos<\/label>\n\t\t\t\t<input name=\"rcp_user_last\" id=\"rcp_user_last\" type=\"text\" \/>\n\t\t\t<\/p>\n\t\t\t<p id=\"rcp_password_wrap\" class=\"inline\">\n\t\t\t\t<label for=\"rcp_password\">Contrase\u00f1a<\/label>\n\t\t\t\t<input name=\"rcp_user_pass\" id=\"rcp_password\" class=\"required\" type=\"password\"\/>\n\t\t\t<\/p>\n\t\t\t<p id=\"rcp_password_again_wrap\" class=\"inline-block\">\n\t\t\t\t<label for=\"rcp_password_again\">Introduce de nuevo tu contrase\u00f1a<\/label>\n\t\t\t\t<input name=\"rcp_user_pass_confirm\" id=\"rcp_password_again\" class=\"required\" type=\"password\"\/>\n\t\t\t<\/p>\n\n\t\t\t\n\t\t<\/fieldset>\n\t\n\t\n\t\t\t\t<fieldset class=\"rcp_subscription_fieldset\">\n\t\t\t\t\t<p><strong>No has creado ning\u00fan nivel de membres\u00eda a\u00fan<\/strong><\/p>\n\t\t\t\t<\/fieldset>\n\t\t<div class=\"rcp_registration_total\"><\/div>\n\t\t\t<div class=\"rcp_gateway_fields\">\n\t\t\t\t\t\t\t<fieldset class=\"rcp_gateways_fieldset\">\n\t\t\t\t\t<legend>Elige tu m\u00e9todo de pago<\/legend>\n\t\t\t\t\t<p id=\"rcp_payment_gateways\" style=\"display: none;\">\n\t\t\t\t\t\t\t\t\t\t\t\t\t<label for=\"rcp_gateway_manual\" class=\"rcp_gateway_option_label\">\n\t\t\t\t\t\t\t\t<input id=\"rcp_gateway_manual\" name=\"rcp_gateway\" type=\"radio\" class=\"rcp_gateway_option_input\" value=\"manual\" data-supports-recurring=\"no\" data-supports-trial=\"no\"  checked='checked'>\n\t\t\t\t\t\t\t\tPago manual\t\t\t\t\t\t\t<\/label>\n\t\t\t\t\t\t\t\t\t\t\t\t\t<label for=\"rcp_gateway_stripe\" class=\"rcp_gateway_option_label\">\n\t\t\t\t\t\t\t\t<input id=\"rcp_gateway_stripe\" name=\"rcp_gateway\" type=\"radio\" class=\"rcp_gateway_option_input\" value=\"stripe\" data-supports-recurring=\"yes\" data-supports-trial=\"yes\" >\n\t\t\t\t\t\t\t\tTarjeta de cr\u00e9dito\/d\u00e9bito\t\t\t\t\t\t\t<\/label>\n\t\t\t\t\t\t\t\t\t\t\t\t\t<label for=\"rcp_gateway_paypal\" class=\"rcp_gateway_option_label\">\n\t\t\t\t\t\t\t\t<input id=\"rcp_gateway_paypal\" name=\"rcp_gateway\" type=\"radio\" class=\"rcp_gateway_option_input\" value=\"paypal\" data-supports-recurring=\"yes\" data-supports-trial=\"yes\" >\n\t\t\t\t\t\t\t\tPayPal\t\t\t\t\t\t\t<\/label>\n\t\t\t\t\t\t\t\t\t\t\t\t\t<label for=\"rcp_gateway_paypal_express\" class=\"rcp_gateway_option_label\">\n\t\t\t\t\t\t\t\t<input id=\"rcp_gateway_paypal_express\" name=\"rcp_gateway\" type=\"radio\" class=\"rcp_gateway_option_input\" value=\"paypal_express\" data-supports-recurring=\"yes\" data-supports-trial=\"yes\" >\n\t\t\t\t\t\t\t\tPayPal\t\t\t\t\t\t\t<\/label>\n\t\t\t\t\t\t\t\t\t\t\t\t\t<label for=\"rcp_gateway_paypal_pro\" class=\"rcp_gateway_option_label\">\n\t\t\t\t\t\t\t\t<input id=\"rcp_gateway_paypal_pro\" name=\"rcp_gateway\" type=\"radio\" class=\"rcp_gateway_option_input\" value=\"paypal_pro\" data-supports-recurring=\"yes\" data-supports-trial=\"yes\" >\n\t\t\t\t\t\t\t\tTarjeta de cr\u00e9dito\/d\u00e9bito\t\t\t\t\t\t\t<\/label>\n\t\t\t\t\t\t\t\t\t\t\t\t\t<label for=\"rcp_gateway_braintree\" class=\"rcp_gateway_option_label\">\n\t\t\t\t\t\t\t\t<input id=\"rcp_gateway_braintree\" name=\"rcp_gateway\" type=\"radio\" class=\"rcp_gateway_option_input\" value=\"braintree\" data-supports-recurring=\"yes\" data-supports-trial=\"yes\" >\n\t\t\t\t\t\t\t\tTarjeta de cr\u00e9dito\/d\u00e9bito\t\t\t\t\t\t\t<\/label>\n\t\t\t\t\t\t\t\t\t\t\t<\/p>\n\t\t\t\t<\/fieldset>\n\t\t\t\t\t<\/div>\n\t\n\t\n\t\n\t\t\t<p id=\"rcp_auto_renew_wrap\">\n\t\t\t<input name=\"rcp_auto_renew\" id=\"rcp_auto_renew\" type=\"checkbox\" \/>\n\t\t\t<label for=\"rcp_auto_renew\">Auto renovaci\u00f3n<\/label>\n\t\t<\/p>\n\t\t<input type=\"hidden\" id=\"rcp-registration-type\" name=\"registration_type\" value=\"\" \/>\n\t<input type=\"hidden\" id=\"rcp-membership-id\" name=\"membership_id\" value=\"0\" \/>\n\t<input type=\"hidden\" id=\"rcp-payment-id\" name=\"rcp_registration_payment_id\" value=\"0\" \/>\n\t\n\t\n\t<p id=\"rcp_submit_wrap\">\n\t\t\t\t<input type=\"hidden\" name=\"rcp_register_nonce\" value=\"17d841ecd1\"\/>\n\t\t<input type=\"submit\" name=\"rcp_submit_registration\" id=\"rcp_submit\" class=\"rcp-button\" value=\"Registrar\"\/>\n\t<\/p>\n<input type=\"hidden\" name=\"trp-form-language\" value=\"es\"\/><\/form>","protected":false},"excerpt":{"rendered":"Registrar nueva cuenta Accede para renovar o modificar una membres\u00eda existente. Usuario Correo electr\u00f3nico Nombre Apellidos Contrase\u00f1a Introduce de nuevo tu contrase\u00f1a No has creado ning\u00fan nivel de membres\u00eda a\u00fan Elige tu m\u00e9todo de pago Pago manual Tarjeta de cr\u00e9dito\/d\u00e9bito PayPal PayPal Tarjeta de cr\u00e9dito\/d\u00e9bito Tarjeta de cr\u00e9dito\/d\u00e9bito Auto renovaci\u00f3n","protected":false},"author":1,"featured_media":0,"parent":0,"menu_order":0,"comment_status":"closed","ping_status":"closed","template":"","meta":{"footnotes":""},"class_list":["post-31329","page","type-page","status-publish","hentry"],"_links":{"self":[{"href":"https:\/\/annuaire.city\/es\/wp-json\/wp\/v2\/pages\/31329","targetHints":{"allow":["GET"]}}],"collection":[{"href":"https:\/\/annuaire.city\/es\/wp-json\/wp\/v2\/pages"}],"about":[{"href":"https:\/\/annuaire.city\/es\/wp-json\/wp\/v2\/types\/page"}],"author":[{"embeddable":true,"href":"https:\/\/annuaire.city\/es\/wp-json\/wp\/v2\/users\/1"}],"replies":[{"embeddable":true,"href":"https:\/\/annuaire.city\/es\/wp-json\/wp\/v2\/comments?post=31329"}],"version-history":[{"count":0,"href":"https:\/\/annuaire.city\/es\/wp-json\/wp\/v2\/pages\/31329\/revisions"}],"wp:attachment":[{"href":"https:\/\/annuaire.city\/es\/wp-json\/wp\/v2\/media?parent=31329"}],"curies":[{"name":"wp","href":"https:\/\/api.w.org\/{rel}","templated":true}]}}