{"id":3227,"date":"2018-06-21T08:56:47","date_gmt":"2018-06-21T08:56:47","guid":{"rendered":"https:\/\/listing.downtown-directory.com\/demos\/?page_id=3227"},"modified":"2018-06-21T08:56:47","modified_gmt":"2018-06-21T08:56:47","slug":"politique-de-confidentialite-2","status":"publish","type":"page","link":"https:\/\/annuaire.city\/fr\/politique-de-confidentialite-2\/","title":{"rendered":"politique de confidentialit\u00e9"},"content":{"rendered":"<div data-elementor-type=\"wp-page\" data-elementor-id=\"3227\" class=\"elementor elementor-3227\">\n\t\t\t\t\t\t<div class=\"elementor-section elementor-top-section elementor-element elementor-element-faaef35 elementor-section-stretched elementor-section-full_width elementor-section-height-default elementor-section-height-default\" data-id=\"faaef35\" data-element_type=\"section\" data-e-type=\"section\" data-settings=\"{&quot;stretch_section&quot;:&quot;section-stretched&quot;}\">\n\t\t\t\t\t\t<div class=\"elementor-container elementor-column-gap-no\">\n\t\t\t\t\t<div class=\"elementor-column elementor-col-100 elementor-top-column elementor-element elementor-element-27832bf\" data-id=\"27832bf\" data-element_type=\"column\" data-e-type=\"column\">\n\t\t\t<div class=\"elementor-widget-wrap elementor-element-populated\">\n\t\t\t\t\t\t<div class=\"elementor-element elementor-element-454d9f3 elementor-widget elementor-widget-faqs-one\" data-id=\"454d9f3\" data-element_type=\"widget\" data-e-type=\"widget\" data-widget_type=\"faqs-one.default\">\n\t\t\t\t<div class=\"elementor-widget-container\">\n\t\t\t\t\t<section class=\"faqs-section\">\n          <div class=\"container\">\n            <div class=\"row\">\n            \t<div class=\"col-md-12 col-sm-12 col-xs-12\">\n                        <div class=\"heading-2\">\n                            <h3>Conditions g\u00e9n\u00e9rales<\/h3>\n                            <h2>Conditions \u00e0 respecter<\/h2>\n                        <\/div>\n                    <\/div>\n\t\t\t\t    <div class=\"col-lg-8 col-md-8 col-sm-12 col-xs-12\">\n\t\t\t\t\t\t<ul class=\"faqs-accordion\"><li>\n                           <h3 class=\"faqs-accordion-title\"><a href=\"javascript:void(0)\">DWT ListingPro prend-il en charge les taxonomies personnalis\u00e9es\u00a0?<\/a><\/h3>\n                           <div class=\"faqs-accordion-content\">\n                              <p>Oui, DWT ListingPro prend en charge les taxonomies personnalis\u00e9es. Vous pouvez faire tout ce que vous voulez.<\/p>\n                           <\/div>\n                        <\/li><li>\n                           <h3 class=\"faqs-accordion-title\"><a href=\"javascript:void(0)\">L&#039;administrateur peut-il ajouter et supprimer des champs personnalis\u00e9s\u00a0?<\/a><\/h3>\n                           <div class=\"faqs-accordion-content\">\n                              <p>Oui, l&#039;administrateur peut ajouter autant de champs personnalis\u00e9s qu&#039;il le souhaite.<\/p>\n                           <\/div>\n                        <\/li><li>\n                           <h3 class=\"faqs-accordion-title\"><a href=\"javascript:void(0)\"> Le compositeur visuel travaillera-t-il avec ce th\u00e8me\u00a0?<\/a><\/h3>\n                           <div class=\"faqs-accordion-content\">\n                              <p>DWT ListingPro est con\u00e7u selon les derni\u00e8res tendances et normes de codage. Oui, il est enti\u00e8rement personnalisable gr\u00e2ce \u00e0 son \u00e9diteur visuel.<\/p>\n                           <\/div>\n                        <\/li><li>\n                           <h3 class=\"faqs-accordion-title\"><a href=\"javascript:void(0)\">Puis-je cr\u00e9er des pages statiques et les ins\u00e9rer avec un shortcode\u00a0?<\/a><\/h3>\n                           <div class=\"faqs-accordion-content\">\n                              <p>DWT ListingPro est enti\u00e8rement personnalisable\u00a0; vous pouvez cr\u00e9er tout ce que vous voulez.<\/p>\n                           <\/div>\n                        <\/li><li>\n                           <h3 class=\"faqs-accordion-title\"><a href=\"javascript:void(0)\">Ce produit est-il compatible avec Google AdSenseu200e\u00a0?<\/a><\/h3>\n                           <div class=\"faqs-accordion-content\">\n                              <p>Oui, ce th\u00e8me est compatible avec Google AdSense. Vous pouvez m\u00eame utiliser des annonces illustr\u00e9es si vous ne souhaitez pas utiliser Google AdSense.<\/p>\n                           <\/div>\n                        <\/li><li>\n                           <h3 class=\"faqs-accordion-title\"><a href=\"javascript:void(0)\">Les annonces doivent-elles \u00eatre examin\u00e9es et approuv\u00e9es avant d&#039;\u00eatre visibles sur le site ou sont-elles ajout\u00e9es imm\u00e9diatement apr\u00e8s le paiement des frais\u00a0?<\/a><\/h3>\n                           <div class=\"faqs-accordion-content\">\n                              <p>Oui, dans les options du th\u00e8me, vous pouvez s\u00e9lectionner \u00ab\u00a0L&#039;ajout sera approuv\u00e9 automatiquement ou apr\u00e8s approbation\u00a0\u00bb.<\/p>\n                           <\/div>\n                        <\/li><\/ul>\n\t\t\t\t    <\/div>\n\t\t\t\t\t<div class=\"col-lg-4 col-md-4 col-xs-12 col-sm-12\">\t\n\t\t\t\t\t\t<div class=\"blog-sidebar\">\n                       \t <div class=\"widget\">\n                           <div class=\"widget-heading\">\n                              <h4 class=\"panel-title\"><a>Notification RGPD <\/a><\/h4>\n                           <\/div>\n                           <div class=\"faqs-desc\">\n                               <p class=\"lead\">Lorem ipsum dolor sit amet, consectetur adipiscing elit. Curabitur vehicula bibendum sapien<\/p>\n                              <ol><li>Assurez-vous de publier dans la bonne cat\u00e9gorie.<\/li><li>Ne t\u00e9l\u00e9chargez pas d&#039;images comportant des filigranes.<\/li><li>Ne publiez pas d&#039;annonces contenant plusieurs articles, sauf s&#039;il s&#039;agit d&#039;une offre group\u00e9e.<\/li><li>Ne mentionnez pas votre adresse e-mail ni votre num\u00e9ro de t\u00e9l\u00e9phone dans le titre ou la description.<\/li><li>Assurez-vous de publier dans la bonne cat\u00e9gorie.<\/li> <\/ol>\n                           <\/div>\n                        <\/div>\n                     \t<\/div>\n\t\t\t\t\t<\/div>\t\n\t\t\t   <\/div>\n            <\/div>\n          <\/div>\n        <\/section>\t\t\t\t<\/div>\n\t\t\t\t<\/div>\n\t\t\t\t\t<\/div>\n\t\t<\/div>\n\t\t\t\t\t<\/div>\n\t\t<\/div>\n\t\t\t\t<\/div>","protected":false},"excerpt":{"rendered":"<p>Term &#038; Conditions Conditions You Need to Follow Does DWT ListingPro Support Custom Taxonomies? Yes DWT ListingPro support custom Taxonomies. You can do whatever you want. Can the admin add and remove custom fields ? Yes Admin can add custom fields as many as they want Will visual composer work with this theme DWT ListingPro [&hellip;]<\/p>","protected":false},"author":1,"featured_media":0,"parent":0,"menu_order":0,"comment_status":"closed","ping_status":"closed","template":"","meta":{"footnotes":""},"class_list":["post-3227","page","type-page","status-publish","hentry"],"_links":{"self":[{"href":"https:\/\/annuaire.city\/fr\/wp-json\/wp\/v2\/pages\/3227","targetHints":{"allow":["GET"]}}],"collection":[{"href":"https:\/\/annuaire.city\/fr\/wp-json\/wp\/v2\/pages"}],"about":[{"href":"https:\/\/annuaire.city\/fr\/wp-json\/wp\/v2\/types\/page"}],"author":[{"embeddable":true,"href":"https:\/\/annuaire.city\/fr\/wp-json\/wp\/v2\/users\/1"}],"replies":[{"embeddable":true,"href":"https:\/\/annuaire.city\/fr\/wp-json\/wp\/v2\/comments?post=3227"}],"version-history":[{"count":0,"href":"https:\/\/annuaire.city\/fr\/wp-json\/wp\/v2\/pages\/3227\/revisions"}],"wp:attachment":[{"href":"https:\/\/annuaire.city\/fr\/wp-json\/wp\/v2\/media?parent=3227"}],"curies":[{"name":"wp","href":"https:\/\/api.w.org\/{rel}","templated":true}]}}