{"id":4717,"date":"2020-08-04T07:44:00","date_gmt":"2020-08-04T07:44:00","guid":{"rendered":"https:\/\/elementor.downtown-directory.com\/demo-content\/?page_id=4717"},"modified":"2020-08-04T07:44:00","modified_gmt":"2020-08-04T07:44:00","slug":"about-us","status":"publish","type":"page","link":"https:\/\/annuaire.city\/fr\/about-us\/","title":{"rendered":"About Us"},"content":{"rendered":"<div data-elementor-type=\"wp-page\" data-elementor-id=\"4717\" class=\"elementor elementor-4717\">\n\t\t\t\t\t\t<section class=\"elementor-section elementor-top-section elementor-element elementor-element-07d22b7 elementor-section-boxed elementor-section-height-default elementor-section-height-default\" data-id=\"07d22b7\" data-element_type=\"section\" data-e-type=\"section\">\n\t\t\t\t\t\t<div class=\"elementor-container elementor-column-gap-default\">\n\t\t\t\t\t<div class=\"elementor-column elementor-col-100 elementor-top-column elementor-element elementor-element-d5ffb4b\" data-id=\"d5ffb4b\" data-element_type=\"column\" data-e-type=\"column\">\n\t\t\t<div class=\"elementor-widget-wrap elementor-element-populated\">\n\t\t\t\t\t\t<div class=\"elementor-element elementor-element-6437d36 elementor-widget elementor-widget-about-us-one\" data-id=\"6437d36\" data-element_type=\"widget\" data-e-type=\"widget\" data-widget_type=\"about-us-one.default\">\n\t\t\t\t<div class=\"elementor-widget-container\">\n\t\t\t\t\t<section class=\"about-us\">\n\t\t\t<div class=\"container\">\n\t\t\t\t<div class=\"row\">\n\t\t\t\t\t<div class=\"col-md-12 col-sm-12 col-xs-12 nopadding\">\n\t\t\t\t\t\t\t\n\t\t\t\t\t\t<div class=\"col-md-7 col-sm-12 col-xs-12\">\n                            <h2>About DWT Listing Directory<\/h2>\n\t\t\t\t\t\t\t<p class=\"large-paragraph\">Everything you need to build an amazing directory listing responsive website.<\/p>\n\t\t\t\t\t\t\t<p><p>Hendrerit in vulputate velit esse molestie consequat, vel illum dolore eu feugiat nulla facilisis at vero eros et accumsan et iusto odio dignissim qui blandit praesent luptatum zzril delenit augue duis.<\/p><\/p>\n\t\t\t\t\t\t\t<div class=\"row\">\n\t\t\t\t\t\t\t\t<div class=\"services\">\n\t\t\t\t\t\t\t\t\t<div class=\"col-md-6 col-xs-12 col-sm-6\"><div class=\"services-grid\"><div class=\"icons\"><img decoding=\"async\" src=\"https:\/\/annuaire.city\/wp-content\/themes\/dwt-listing\/assets\/images\/category.png\" class=\"img-responsive\" alt=\"Image non trouv\u00e9e\"><\/div><h4>Fresh Components<\/h4><p>Nous avons le bon service, l\u2019exp\u00e9rience et un professionnel d\u00e9vou\u00e9 pour vous.<\/p><\/div><\/div><div class=\"col-md-6 col-xs-12 col-sm-6\"><div class=\"services-grid\"><div class=\"icons\"><img decoding=\"async\" src=\"https:\/\/annuaire.city\/wp-content\/themes\/dwt-listing\/assets\/images\/category.png\" class=\"img-responsive\" alt=\"Image non trouv\u00e9e\"><\/div><h4>Life Time Updates<\/h4><p>Nous avons le bon service, l\u2019exp\u00e9rience et un professionnel d\u00e9vou\u00e9 pour vous.<\/p><\/div><\/div>\n\t\t\t\t\t\t\t\t<\/div>\n\t\t\t\t\t\t\t<\/div>\n\t\t\t\t\t\t<\/div>\n\t\t\t\t\t\t\t<div class=\"col-md-5 col-sm-12 col-xs-12\"><\/div>\n\t\t\t\t\t<\/div>\n\t\t\t\t<\/div>\n\t\t\t<\/div>\n\t\t<\/section>\t\t\t\t<\/div>\n\t\t\t\t<\/div>\n\t\t\t\t\t<\/div>\n\t\t<\/div>\n\t\t\t\t\t<\/div>\n\t\t<\/section>\n\t\t\t\t<div class=\"elementor-section elementor-top-section elementor-element elementor-element-a9731e3 elementor-section-stretched elementor-section-full_width elementor-section-height-default elementor-section-height-default\" data-id=\"a9731e3\" data-element_type=\"section\" data-e-type=\"section\" data-settings=\"{&quot;stretch_section&quot;:&quot;section-stretched&quot;}\">\n\t\t\t\t\t\t<div class=\"elementor-container elementor-column-gap-no\">\n\t\t\t\t\t<div class=\"elementor-column elementor-col-100 elementor-top-column elementor-element elementor-element-69088ce\" data-id=\"69088ce\" data-element_type=\"column\" data-e-type=\"column\">\n\t\t\t<div class=\"elementor-widget-wrap elementor-element-populated\">\n\t\t\t\t\t\t<div class=\"elementor-element elementor-element-1d503db elementor-widget elementor-widget-fun-facts\" data-id=\"1d503db\" data-element_type=\"widget\" data-e-type=\"widget\" data-widget_type=\"fun-facts.default\">\n\t\t\t\t<div class=\"elementor-widget-container\">\n\t\t\t\t\t<div class=\"funfacts arch-funfacts\">\n            <div class=\"container\">\n               <div class=\"row\">\n\t\t\t\t   <div class=\"col-md-12 col-sm-12 nopadding\">\n\t\t\t\t   \t\t<div class=\"conter-grid\"><div class=\"counter-seprator\">\n                       \n                        <div class=\"counter-box\">\n                           <h5 class=\"counter-stats\">53000<\/h5>\n                           <h3 class=\"count-title\">Happy Clients<\/h3>\n                        <\/div>\n                     <\/div><div class=\"counter-seprator\">\n                       \n                        <div class=\"counter-box\">\n                           <h5 class=\"counter-stats\">95000<\/h5>\n                           <h3 class=\"count-title\">Business Listing<\/h3>\n                        <\/div>\n                     <\/div><div class=\"counter-seprator\">\n                       \n                        <div class=\"counter-box\">\n                           <h5 class=\"counter-stats\">18390<\/h5>\n                           <h3 class=\"count-title\">Successful Deal<\/h3>\n                        <\/div>\n                     <\/div><div class=\"counter-seprator\">\n                       \n                        <div class=\"counter-box\">\n                           <h5 class=\"counter-stats\">29800<\/h5>\n                           <h3 class=\"count-title\">Working Hours<\/h3>\n                        <\/div>\n                     <\/div><\/div>\n\t\t\t\t   <\/div>\n\t\t\t   <\/div>\n            <\/div>\n         <\/div> \t\t\t\t<\/div>\n\t\t\t\t<\/div>\n\t\t\t\t\t<\/div>\n\t\t<\/div>\n\t\t\t\t\t<\/div>\n\t\t<\/div>\n\t\t\t\t<section class=\"elementor-section elementor-top-section elementor-element elementor-element-f914eb6 elementor-section-boxed elementor-section-height-default elementor-section-height-default\" data-id=\"f914eb6\" data-element_type=\"section\" data-e-type=\"section\">\n\t\t\t\t\t\t<div class=\"elementor-container elementor-column-gap-default\">\n\t\t\t\t\t<div class=\"elementor-column elementor-col-100 elementor-top-column elementor-element elementor-element-327bc04\" data-id=\"327bc04\" data-element_type=\"column\" data-e-type=\"column\">\n\t\t\t<div class=\"elementor-widget-wrap elementor-element-populated\">\n\t\t\t\t\t\t<div class=\"elementor-element elementor-element-61689b5 elementor-widget elementor-widget-packages\" data-id=\"61689b5\" data-element_type=\"widget\" data-e-type=\"widget\" data-widget_type=\"packages.default\">\n\t\t\t\t<div class=\"elementor-widget-container\">\n\t\t\t\t\t<section class=\"pricing-table\">\n\t\t\t\t<div class=\"container\">\n\t\t\t\t\t<div class=\"row\">\n\t\t\t\t\t\t<div class=\"col-md-12 col-sm-12 col-xs-12\">\n                        <div class=\"heading-2\">\n                            <h3>Pricing Plans<\/h3>\n                            <h2>Select Your plan<\/h2>\n                        <\/div>\n                    <\/div>\n\t\t\t\t\t\t\t<div class=\"col-md-12 col-sm-12 col-xs-12\">\n\t\t\t\t\t\t\t\t<div class=\"pricing pricing-palden\">\n\t\t\t\t\t\t\t\t\t<div class=\"pricing-item\">\n\t\t\t\t\t\t\t  <div class=\"pricing-deco\" >\n\t\t\t\t\t\t\t\t<svg class=\"pricing-deco-img\" enable-background=\"new 0 0 300 100\" height=\"100px\"  preserveaspectratio=\"none\" version=\"1.1\" viewbox=\"0 0 300 100\" width=\"300px\" x=\"0px\" xml:space=\"preserve\" xmlns:xlink=\"http:\/\/www.w3.org\/1999\/xlink\" xmlns=\"http:\/\/www.w3.org\/2000\/svg\" y=\"0px\">\n\t\t\t\t\t\t\t\t  <path class=\"deco-layer deco-layer--1\" d=\"M30.913,43.944c0,0,42.911-34.464,87.51-14.191c77.31,35.14,113.304-1.952,146.638-4.729&#x000A;\tc48.654-4.056,69.94,16.218,69.94,16.218v54.396H30.913V43.944z\" fill=\"#FFFFFF\" opacity=\"0.6\"><\/path>\n\t\t\t\t\t\t\t\t  <path class=\"deco-layer deco-layer--2\" d=\"M-35.667,44.628c0,0,42.91-34.463,87.51-14.191c77.31,35.141,113.304-1.952,146.639-4.729&#x000A;\tc48.653-4.055,69.939,16.218,69.939,16.218v54.396H-35.667V44.628z\" fill=\"#FFFFFF\" opacity=\"0.6\"><\/path>\n\t\t\t\t\t\t\t\t  <path class=\"deco-layer deco-layer--3\" d=\"M43.415,98.342c0,0,48.283-68.927,109.133-68.927c65.886,0,97.983,67.914,97.983,67.914v3.716&#x000A;\tH42.401L43.415,98.342z\" fill=\"#FFFFFF\" opacity=\"0.7\"><\/path>\n\t\t\t\t\t\t\t\t  <path class=\"deco-layer deco-layer--4\" d=\"M-34.667,62.998c0,0,56-45.667,120.316-27.839C167.484,57.842,197,41.332,232.286,30.428&#x000A;\tc53.07-16.399,104.047,36.903,104.047,36.903l1.333,36.667l-372-2.954L-34.667,62.998z\" fill=\"#FFFFFF\"><\/path>\n\t\t\t\t\t\t\t\t<\/svg>\n\t\t\t\t\t\t\t\t<div class=\"pricing-price\"><span class=\"pricing-currency\">&#36;<\/span>0\n\t\t\t\t\t\t\t\t<\/div>\n\t\t\t\t\t\t\t\t<h3 class=\"pricing-title\">Par annonce<\/h3>\n\t\t\t\t\t\t\t  <\/div>\n\t\t\t\t\t\t\t  <ul class=\"pricing-feature-list\">\n\t\t\t\t\t\t\t\t<li class=\"pricing-feature\"><i class=\"yes ti-check-box\"><\/i>Duration : 20 Days<\/li><li class=\"pricing-feature\"><i class=\"yes ti-check-box\"><\/i>Annonce Max :1<\/li><li class=\"pricing-feature\"><i class=\"yes ti-check-box\"><\/i>Listing Expiry : 7 Days<\/li><li class=\"pricing-feature\"><i class=\"yes ti-check-box\"><\/i>Featured Listings : 1<\/li><li class=\"pricing-feature\"><i class=\"yes ti-check-box\"><\/i>Featured For : 2 Days<\/li><li class=\"pricing-feature\"><i class=\"no ti-close\"><\/i>Video : No<\/li><li class=\"pricing-feature\"><i class=\"no ti-close\"><\/i>Website : No<\/li><li class=\"pricing-feature\"><i class=\"yes ti-check-box\"><\/i>No of Images : 4<\/li><li class=\"pricing-feature\"><i class=\"no ti-close\"><\/i>Price Range : No<\/li><li class=\"pricing-feature\"><i class=\"no ti-close\"><\/i>Business Hours : No<\/li><li class=\"pricing-feature\"><i class=\"yes ti-check-box\"><\/i>Etiquettes : Oui<\/li><li class=\"pricing-feature\"><i class=\"no ti-close\"><\/i>Deals-Offers-Discounts : No<\/li><li class=\"pricing-feature\"><i class=\"no ti-close\"><\/i>Events : No<\/li>\n\t\t\t\t\t\t\t  <\/ul>\n\t\t\t\t\t\t\t  \n\t\t\t\t\t\t\t <a href=\"javascript:void(0)\" class=\"pricing-action sonu-button-2534 sb_add_cart\" data-product-id=\"2534\" data-product-qty=\"1\"  data-package-type=\"free\" data-loading-text=\"<i class='fa fa-spinner fa-spin'><\/i> En cours...\">Choisir un Pack <\/a>\n\t\t\t\t\t\t\t<\/div><div class=\"pricing-item pricing__item--featured\">\n\t\t\t\t\t\t\t  <div class=\"pricing-deco\"  style=\"background: rgba(0, 0, 0, 0) url(https:\/\/annuaire.city\/wp-content\/uploads\/2025\/10\/Ultimate.png) center bottom no-repeat; -webkit-background-size: cover; -moz-background-size: cover; -o-background-size: cover; background-size: cover;\">\n\t\t\t\t\t\t\t\t<svg class=\"pricing-deco-img\" enable-background=\"new 0 0 300 100\" height=\"100px\"  preserveaspectratio=\"none\" version=\"1.1\" viewbox=\"0 0 300 100\" width=\"300px\" x=\"0px\" xml:space=\"preserve\" xmlns:xlink=\"http:\/\/www.w3.org\/1999\/xlink\" xmlns=\"http:\/\/www.w3.org\/2000\/svg\" y=\"0px\">\n\t\t\t\t\t\t\t\t  <path class=\"deco-layer deco-layer--1\" d=\"M30.913,43.944c0,0,42.911-34.464,87.51-14.191c77.31,35.14,113.304-1.952,146.638-4.729&#x000A;\tc48.654-4.056,69.94,16.218,69.94,16.218v54.396H30.913V43.944z\" fill=\"#FFFFFF\" opacity=\"0.6\"><\/path>\n\t\t\t\t\t\t\t\t  <path class=\"deco-layer deco-layer--2\" d=\"M-35.667,44.628c0,0,42.91-34.463,87.51-14.191c77.31,35.141,113.304-1.952,146.639-4.729&#x000A;\tc48.653-4.055,69.939,16.218,69.939,16.218v54.396H-35.667V44.628z\" fill=\"#FFFFFF\" opacity=\"0.6\"><\/path>\n\t\t\t\t\t\t\t\t  <path class=\"deco-layer deco-layer--3\" d=\"M43.415,98.342c0,0,48.283-68.927,109.133-68.927c65.886,0,97.983,67.914,97.983,67.914v3.716&#x000A;\tH42.401L43.415,98.342z\" fill=\"#FFFFFF\" opacity=\"0.7\"><\/path>\n\t\t\t\t\t\t\t\t  <path class=\"deco-layer deco-layer--4\" d=\"M-34.667,62.998c0,0,56-45.667,120.316-27.839C167.484,57.842,197,41.332,232.286,30.428&#x000A;\tc53.07-16.399,104.047,36.903,104.047,36.903l1.333,36.667l-372-2.954L-34.667,62.998z\" fill=\"#FFFFFF\"><\/path>\n\t\t\t\t\t\t\t\t<\/svg>\n\t\t\t\t\t\t\t\t<div class=\"pricing-price\"><span class=\"pricing-currency\">&#36;<\/span>30\n\t\t\t\t\t\t\t\t<\/div>\n\t\t\t\t\t\t\t\t<h3 class=\"pricing-title\">Pack Ultime<\/h3>\n\t\t\t\t\t\t\t  <\/div>\n\t\t\t\t\t\t\t  <ul class=\"pricing-feature-list\">\n\t\t\t\t\t\t\t\t<li class=\"pricing-feature\"><i class=\"yes ti-check-box\"><\/i>Dur\u00e9e : 365 jours<\/li><li class=\"pricing-feature\"><i class=\"yes ti-check-box\"><\/i>Nombre maximal d&#039;annonces : 500<\/li><li class=\"pricing-feature\"><i class=\"yes ti-check-box\"><\/i>Dur\u00e9e de validit\u00e9 de l&#039;annonce : 365 jours<\/li><li class=\"pricing-feature\"><i class=\"yes ti-check-box\"><\/i>Annonces en vedette : 500<\/li><li class=\"pricing-feature\"><i class=\"yes ti-check-box\"><\/i>En vedette pendant : 365 jours<\/li><li class=\"pricing-feature\"><i class=\"yes ti-check-box\"><\/i>Vid\u00e9o : Oui<\/li><li class=\"pricing-feature\"><i class=\"yes ti-check-box\"><\/i>Site Web : Oui<\/li><li class=\"pricing-feature\"><i class=\"yes ti-check-box\"><\/i>Nombre d&#039;images : 10<\/li><li class=\"pricing-feature\"><i class=\"yes ti-check-box\"><\/i>Echelle de Prix : Oui<\/li><li class=\"pricing-feature\"><i class=\"yes ti-check-box\"><\/i>Horaires : Oui<\/li><li class=\"pricing-feature\"><i class=\"yes ti-check-box\"><\/i>Etiquettes : Oui<\/li><li class=\"pricing-feature\"><i class=\"yes ti-check-box\"><\/i>Annonces mises en avant : 250<\/li><li class=\"pricing-feature\"><i class=\"yes ti-check-box\"><\/i>Promo-Affaires-R\u00e9duction :<\/li><li class=\"pricing-feature\"><i class=\"yes ti-check-box\"><\/i>\u00c9v\u00e8nements<\/li>\n\t\t\t\t\t\t\t  <\/ul>\n\t\t\t\t\t\t\t  <div class=\"p-extra-txt\">500 annonces et 500 produits - 20\u00a0000 francs CFA pour 1 an<\/div>\n\t\t\t\t\t\t\t <a href=\"javascript:void(0)\" class=\"pricing-action sonu-button-2546 sb_add_cart\" data-product-id=\"2546\" data-product-qty=\"1\"  data-package-type=\"paid\" data-loading-text=\"<i class='fa fa-spinner fa-spin'><\/i> En cours...\">Choisir un Pack <\/a>\n\t\t\t\t\t\t\t<\/div><div class=\"pricing-item pricing__item--featured\">\n\t\t\t\t\t\t\t  <div class=\"pricing-deco\"  style=\"background: rgba(0, 0, 0, 0) url(https:\/\/annuaire.city\/wp-content\/uploads\/2025\/10\/Professionel.png) center bottom no-repeat; -webkit-background-size: cover; -moz-background-size: cover; -o-background-size: cover; background-size: cover;\">\n\t\t\t\t\t\t\t\t<svg class=\"pricing-deco-img\" enable-background=\"new 0 0 300 100\" height=\"100px\"  preserveaspectratio=\"none\" version=\"1.1\" viewbox=\"0 0 300 100\" width=\"300px\" x=\"0px\" xml:space=\"preserve\" xmlns:xlink=\"http:\/\/www.w3.org\/1999\/xlink\" xmlns=\"http:\/\/www.w3.org\/2000\/svg\" y=\"0px\">\n\t\t\t\t\t\t\t\t  <path class=\"deco-layer deco-layer--1\" d=\"M30.913,43.944c0,0,42.911-34.464,87.51-14.191c77.31,35.14,113.304-1.952,146.638-4.729&#x000A;\tc48.654-4.056,69.94,16.218,69.94,16.218v54.396H30.913V43.944z\" fill=\"#FFFFFF\" opacity=\"0.6\"><\/path>\n\t\t\t\t\t\t\t\t  <path class=\"deco-layer deco-layer--2\" d=\"M-35.667,44.628c0,0,42.91-34.463,87.51-14.191c77.31,35.141,113.304-1.952,146.639-4.729&#x000A;\tc48.653-4.055,69.939,16.218,69.939,16.218v54.396H-35.667V44.628z\" fill=\"#FFFFFF\" opacity=\"0.6\"><\/path>\n\t\t\t\t\t\t\t\t  <path class=\"deco-layer deco-layer--3\" d=\"M43.415,98.342c0,0,48.283-68.927,109.133-68.927c65.886,0,97.983,67.914,97.983,67.914v3.716&#x000A;\tH42.401L43.415,98.342z\" fill=\"#FFFFFF\" opacity=\"0.7\"><\/path>\n\t\t\t\t\t\t\t\t  <path class=\"deco-layer deco-layer--4\" d=\"M-34.667,62.998c0,0,56-45.667,120.316-27.839C167.484,57.842,197,41.332,232.286,30.428&#x000A;\tc53.07-16.399,104.047,36.903,104.047,36.903l1.333,36.667l-372-2.954L-34.667,62.998z\" fill=\"#FFFFFF\"><\/path>\n\t\t\t\t\t\t\t\t<\/svg>\n\t\t\t\t\t\t\t\t<div class=\"pricing-price\"><span class=\"pricing-currency\">&#36;<\/span>12.5\n\t\t\t\t\t\t\t\t<\/div>\n\t\t\t\t\t\t\t\t<h3 class=\"pricing-title\">Pack professionnel<\/h3>\n\t\t\t\t\t\t\t  <\/div>\n\t\t\t\t\t\t\t  <ul class=\"pricing-feature-list\">\n\t\t\t\t\t\t\t\t<li class=\"pricing-feature\"><i class=\"yes ti-check-box\"><\/i>Dur\u00e9e : 90 jours<\/li><li class=\"pricing-feature\"><i class=\"yes ti-check-box\"><\/i>Nombre maximum d&#039;annonces : 50<\/li><li class=\"pricing-feature\"><i class=\"yes ti-check-box\"><\/i>Dur\u00e9e de validit\u00e9 de l&#039;annonce : 90 jours<\/li><li class=\"pricing-feature\"><i class=\"yes ti-check-box\"><\/i>Annonces en vedette : 2<\/li><li class=\"pricing-feature\"><i class=\"yes ti-check-box\"><\/i>Pr\u00e9sent\u00e9 pour : Never Expire<\/li><li class=\"pricing-feature\"><i class=\"yes ti-check-box\"><\/i>Vid\u00e9o : Oui<\/li><li class=\"pricing-feature\"><i class=\"yes ti-check-box\"><\/i>Site Web : Oui<\/li><li class=\"pricing-feature\"><i class=\"yes ti-check-box\"><\/i>Nombre d&#039;images : 10<\/li><li class=\"pricing-feature\"><i class=\"yes ti-check-box\"><\/i>Echelle de Prix : Oui<\/li><li class=\"pricing-feature\"><i class=\"yes ti-check-box\"><\/i>Horaires : Oui<\/li><li class=\"pricing-feature\"><i class=\"yes ti-check-box\"><\/i>Etiquettes : Oui<\/li><li class=\"pricing-feature\"><i class=\"yes ti-check-box\"><\/i>Annonces en hausse : 25<\/li><li class=\"pricing-feature\"><i class=\"yes ti-check-box\"><\/i>Promo-Affaires-R\u00e9duction :<\/li><li class=\"pricing-feature\"><i class=\"yes ti-check-box\"><\/i>\u00c9v\u00e8nements<\/li>\n\t\t\t\t\t\t\t  <\/ul>\n\t\t\t\t\t\t\t  <div class=\"p-extra-txt\">50 publicit\u00e9s - 50 produits gratuits - 8\u00a0000\u00a0fr pour 60 jours<\/div>\n\t\t\t\t\t\t\t <a href=\"javascript:void(0)\" class=\"pricing-action sonu-button-2549 sb_add_cart\" data-product-id=\"2549\" data-product-qty=\"1\"  data-package-type=\"paid\" data-loading-text=\"<i class='fa fa-spinner fa-spin'><\/i> En cours...\">Choisir un Pack <\/a>\n\t\t\t\t\t\t\t<\/div>\n\t\t\t\t\t\t\t\t<\/div>\t\n\t\t\t\t\t\t\t<\/div>\n\t\t\t\t\t\t<\/div>\n\t\t\t\t\t<\/div>\n\t\t\t<\/section>\t\t\t\t<\/div>\n\t\t\t\t<\/div>\n\t\t\t\t\t<\/div>\n\t\t<\/div>\n\t\t\t\t\t<\/div>\n\t\t<\/section>\n\t\t\t\t<div class=\"elementor-section elementor-top-section elementor-element elementor-element-343326f elementor-section-stretched elementor-section-full_width elementor-section-height-default elementor-section-height-default\" data-id=\"343326f\" data-element_type=\"section\" data-e-type=\"section\" data-settings=\"{&quot;stretch_section&quot;:&quot;section-stretched&quot;}\">\n\t\t\t\t\t\t<div class=\"elementor-container elementor-column-gap-no\">\n\t\t\t\t\t<div class=\"elementor-column elementor-col-100 elementor-top-column elementor-element elementor-element-e21366a\" data-id=\"e21366a\" data-element_type=\"column\" data-e-type=\"column\">\n\t\t\t<div class=\"elementor-widget-wrap elementor-element-populated\">\n\t\t\t\t\t\t<div class=\"elementor-element elementor-element-6d3dc57 elementor-widget elementor-widget-news-letter\" data-id=\"6d3dc57\" data-element_type=\"widget\" data-e-type=\"widget\" data-widget_type=\"news-letter.default\">\n\t\t\t\t<div class=\"elementor-widget-container\">\n\t\t\t\t\t<section class=\"subscribe-section\">\n\t\t\t<div class=\"container\">\n\t\t\t<div class=\"row\">\n\t\t\t  <div class=\"col-md-12 col-xs-12 col-sm-12 nopadding\">\n\t\t\t\t<div class=\"col-md-1 col-sm-1 col-xs-12\">\n\t\t\t\t  <div class=\"announcement-img\"> <img decoding=\"async\" src=\"https:\/\/annuaire.city\/wp-content\/themes\/dwt-listing\/assets\/images\/bullhorn.png\" class=\"img-responsive\" alt=\"non trouv\u00e9\"> <\/div>\n\t\t\t\t<\/div>\n\t\t\t\t<div class=\"col-md-5 col-sm-5 col-xs-12\">\n\t\t\t\t  <div class=\"heading-2\">\n\t\t\t\t\t<h3>Want to notified? Subscribe now<\/h3>\n\t\t\t\t  <\/div>\n\t\t\t\t<\/div>\n\t\t\t\t<div class=\"col-md-6 col-sm-6 col-xs-12\">\n\t\t\t\t  <div class=\"subscription-form\">\n\t\t\t\t\t<form id=\"dwt_listing_news_latter\" data-disable=\"false\" method=\"post\" action=\"\">\n\t\t\t\t\t  <div class=\"form-group\">\n\t\t\t\t\t\t<input name=\"news_email\" id=\"news_email\" class=\"form-control\" type=\"email\" required>\n\t\t\t\t\t  <\/div>\n\t\t\t\t\t  <div class=\"with-errors\"><\/div>\n\t\t\t\t\t  <div class=\"form-group submit-btn\">\n\t\t\t\t\t\t<button class=\"form-control sonu-button btn-theme\" type=\"submit\" data-loading-text=\"<i class='fa fa-spinner fa-spin'><\/i> En cours...\">Notify Me<\/button>\n\t\t\t\t\t  <\/div>\n\t\t\t\t\t<input type=\"hidden\" name=\"trp-form-language\" value=\"fr\"\/><\/form>\n\t\t\t\t  <\/div>\n\t\t\t\t<\/div>\n\t\t\t  <\/div>\n\t\t\t<\/div>\n\t\t  <\/div>\n\t\t<\/section>\t\t\t\t<\/div>\n\t\t\t\t<\/div>\n\t\t\t\t\t<\/div>\n\t\t<\/div>\n\t\t\t\t\t<\/div>\n\t\t<\/div>\n\t\t\t\t<\/div>","protected":false},"excerpt":{"rendered":"<p>About DWT Listing Directory Everything you need to build an amazing directory listing responsive website. Hendrerit in vulputate velit esse molestie consequat, vel illum dolore eu feugiat nulla facilisis at vero eros et accumsan et iusto odio dignissim qui blandit praesent luptatum zzril delenit augue duis. Fresh Components We have the right caring, experience and [&hellip;]<\/p>","protected":false},"author":1,"featured_media":0,"parent":0,"menu_order":0,"comment_status":"closed","ping_status":"closed","template":"","meta":{"footnotes":""},"class_list":["post-4717","page","type-page","status-publish","hentry"],"_links":{"self":[{"href":"https:\/\/annuaire.city\/fr\/wp-json\/wp\/v2\/pages\/4717","targetHints":{"allow":["GET"]}}],"collection":[{"href":"https:\/\/annuaire.city\/fr\/wp-json\/wp\/v2\/pages"}],"about":[{"href":"https:\/\/annuaire.city\/fr\/wp-json\/wp\/v2\/types\/page"}],"author":[{"embeddable":true,"href":"https:\/\/annuaire.city\/fr\/wp-json\/wp\/v2\/users\/1"}],"replies":[{"embeddable":true,"href":"https:\/\/annuaire.city\/fr\/wp-json\/wp\/v2\/comments?post=4717"}],"version-history":[{"count":0,"href":"https:\/\/annuaire.city\/fr\/wp-json\/wp\/v2\/pages\/4717\/revisions"}],"wp:attachment":[{"href":"https:\/\/annuaire.city\/fr\/wp-json\/wp\/v2\/media?parent=4717"}],"curies":[{"name":"wp","href":"https:\/\/api.w.org\/{rel}","templated":true}]}}